{"id":1084,"date":"2024-11-07T19:12:59","date_gmt":"2024-11-07T19:12:59","guid":{"rendered":"https:\/\/www.maixnerova.cz\/?page_id=1084"},"modified":"2025-04-24T11:33:52","modified_gmt":"2025-04-24T11:33:52","slug":"o-mne","status":"publish","type":"page","link":"https:\/\/www.maixnerova.cz\/index.php\/o-mne\/","title":{"rendered":"O mn\u011b"},"content":{"rendered":"<div class=\"wp-block-stackable-image stk-block-image stk-block stk-3e68f66\" data-block-id=\"3e68f66\"><style>.stk-3e68f66 .stk-img-wrapper{width:50% !important;}<\/style><figure><span class=\"stk-img-wrapper stk-image--shape-stretch\"><img loading=\"lazy\" decoding=\"async\" class=\"stk-img wp-image-1133\" src=\"https:\/\/www.maixnerova.cz\/wp-content\/uploads\/2025\/02\/15fd590e-a12e-4280-b206-861ffef32f7a.webp\" width=\"1080\" height=\"1440\" srcset=\"https:\/\/www.maixnerova.cz\/wp-content\/uploads\/2025\/02\/15fd590e-a12e-4280-b206-861ffef32f7a.webp 1080w, https:\/\/www.maixnerova.cz\/wp-content\/uploads\/2025\/02\/15fd590e-a12e-4280-b206-861ffef32f7a-225x300.webp 225w, https:\/\/www.maixnerova.cz\/wp-content\/uploads\/2025\/02\/15fd590e-a12e-4280-b206-861ffef32f7a-768x1024.webp 768w, https:\/\/www.maixnerova.cz\/wp-content\/uploads\/2025\/02\/15fd590e-a12e-4280-b206-861ffef32f7a-600x800.webp 600w\" sizes=\"auto, (max-width: 1080px) 100vw, 1080px\" \/><\/span><\/figure><\/div><div class=\"wp-block-stackable-columns alignfull stk-block-columns stk-block stk-c2a98d6 stk-block-background\" data-block-id=\"c2a98d6\"><style>.stk-c2a98d6 {min-height:900px !important;align-items:center !important;display:flex !important;}<\/style><div class=\"stk-row stk-inner-blocks stk-block-content stk-content-align stk-c2a98d6-column alignwide\"><div class=\"wp-block-stackable-column stk-block-column stk-column stk-block stk-85dcd6e\" data-v=\"4\" data-block-id=\"85dcd6e\"><style>.stk-85dcd6e {margin-right:200px !important;margin-left:200px !important;}@media screen and (max-width:689px){.stk-85dcd6e {margin-right:20px !important;margin-left:20px !important;}}<\/style><div class=\"stk-column-wrapper stk-block-column__content stk-container stk-85dcd6e-container stk--no-background stk--no-padding\"><div class=\"stk-block-content stk-inner-blocks stk-85dcd6e-inner-blocks\"><div class=\"wp-block-stackable-text stk-block-text stk-block stk-b6f8e66\" data-block-id=\"b6f8e66\"><style>.stk-b6f8e66 {margin-right:0px !important;margin-left:0px !important;}@media screen and (max-width:689px){.stk-b6f8e66 {margin-right:0px !important;margin-left:0px !important;}}<\/style><p class=\"stk-block-text__text has-text-align-center\">Narodila jsem se v Brn\u011b, ve \u010dtvrti, kter\u00e9 se \u0159\u00edk\u00e1 \u201eStar\u00e9 Brno\u201c. Nejsp\u00ed\u0161 proto\u017ee tahle \u010dtvr\u0165 je jednou z nejstar\u0161\u00edch. M\u011bli jsme dvougenera\u010dn\u00ed d\u016fm se zahradou a p\u0159edzahr\u00e1dkou. Kdy\u017e jsem se narodila, byla jsem \u00fapln\u011b malink\u00e1. Do hlubok\u00e9 noci jsem neuti\u0161iteln\u011b \u0159vala a tak jsem od nejbli\u017e\u0161\u00edch dostala p\u0159ezd\u00edvku \u201ezp\u011bva\u010dka\u201c. A moje rodina byla : m\u00e1ma, t\u00e1ta, br\u00e1cha, babi\u010dka a d\u011bda. Taky n\u011bjak\u00fd zv\u00ed\u0159ata v\u017edycky, a to hodn\u011b. J\u00e1 byla zat\u00ed\u017een\u00e1 na psy a tak rodi\u010de koupili i psa, jm\u00e9nem Debbie. M\u011bli jsme hromadu d\u0159ev\u011bn\u00fdch kostek, se kter\u00fdma jsme si s br\u00e1chou hr\u00e1li pod kuchy\u0148sk\u00fdm stolem. \u00dapln\u011b naho\u0159e v dom\u011b byl opu\u0161t\u011bnej ateli\u00e9r \u2013 strejd\u016fv ateli\u00e9r \u2013 kterej z\u016fstal tak, jak byl, kdy\u017e se str\u00fdc (um\u011blec a vyn\u00e1lezce) rozhodl i s rodinou emigrovat do USA, p\u00e1r let p\u0159ed m\u00fdm narozen\u00edm.&nbsp; A byly tam v\u011bci, kter\u00fd vyr\u00e1b\u011bl : velk\u00fd ko\u017een\u00fd k\u0159esla, sochy d\u0159ev\u011bn\u00fd i kamenn\u00fd, obrazy, kinetic art, n\u00e1vrhy n\u011b\u010deho, asi vyn\u00e1lez\u016f, velk\u00e1 hlava \u010derno\u0161ky z kovu s kovov\u00fdm chm\u00fd\u0159\u00edm na hlav\u011b, kter\u00e9 jsem se moc b\u00e1la. A k tomu&nbsp; ob\u0159\u00ed v\u00e1lec vosku na motouzy, dr\u00e1ty, n\u00e1stroje, r\u00fdsovac\u00ed prkno. Tam jsme s br\u00e1chou tajn\u011b i netajn\u011b ut\u00edk\u00e1vali a chodili hrozn\u011b potichu, kdy\u017e jsme tam byli zrovna tajn\u011b. Babi\u010dka s d\u011bdou pod n\u00edm m\u011bli byt a kdyby n\u00e1s sly\u0161eli, byl by pr\u016fser. Z ateli\u00e9ru se dalo vyj\u00edt na terasu p\u0159\u00edmo pod st\u0159echou a na ni vedl \u017eeb\u0159\u00edk na kterej jsme nesm\u011bli l\u00e9zt. Na h\u0159ebenu st\u0159echy se kr\u00e1sn\u011b sed\u011blo, v\u00fdhled na \u0159eku a okoln\u00ed domy byl n\u00e1dhernej. D\u00edvala jsem se dol\u016f na malink\u00fd lidi a zav\u00edrala o\u010di proti slunku, proto\u017ee pak se mi za v\u00ed\u010dkama d\u011blaly ty kr\u00e1sn\u00fd barevn\u00fd krou\u017eky.<\/p><\/div>\n\n<p>A ty m\u00e1m r\u00e1da dote\u010f. &nbsp;A jak \u0161ly roky, po\u0159\u00e1d jsem si cht\u011bla skl\u00e1dat, ale u\u017e ne z&nbsp;kostek, ale z&nbsp;barevn\u00fdch fragment\u016f. A po\u0159\u00e1d m\u00e1m r\u00e1da lidi, zv\u00ed\u0159ata a pozorov\u00e1n\u00ed sv\u011bta, toho venku i toho uvnit\u0159. A tak jsem p\u0159i\u0161la na to, \u017ee ten sv\u011bt uvnit\u0159 m\u016f\u017eu uchopit p\u0159es v\u00fdtvarn\u00fd proces a \u017ee je to to, co m\u011b d\u011bl\u00e1 nejv\u00edc \u0161\u0165astnou.<br><\/p>\n\n<p>Jsem vdan\u00e1, m\u00e1m \u010dty\u0159i d\u011bti (dv\u011b dcery a dva syny) a spole\u010dn\u00fd ateli\u00e9r se sv\u00fdm man\u017eelem v&nbsp;centru m\u011bsta Brna.<\/p><\/div><\/div><\/div><\/div><\/div><div class=\"wp-block-stackable-columns stk-block-columns stk-block stk-34e1919\" data-block-id=\"34e1919\"><div class=\"stk-row stk-inner-blocks stk-block-content stk-content-align stk-34e1919-column\"><div class=\"wp-block-stackable-column stk-block-column stk-column stk-block stk-791c5dc\" data-v=\"4\" data-block-id=\"791c5dc\"><div class=\"stk-column-wrapper stk-block-column__content stk-container stk-791c5dc-container stk--no-background stk--no-padding\"><div class=\"stk-block-content stk-inner-blocks stk-791c5dc-inner-blocks\"><div class=\"wp-block-stackable-heading stk-block-heading stk-block-heading--v2 stk-block stk-4003448\" id=\"napsali-o-mne\" data-block-id=\"4003448\"><h2 class=\"stk-block-heading__text\">Napsali o mn\u011b<\/h2><\/div>\n\n<figure class=\"wp-block-embed is-type-wp-embed is-provider-zpr-vy-z-moravy wp-block-embed-zpr-vy-z-moravy\"><div class=\"wp-block-embed__wrapper\">\n<blockquote class=\"wp-embedded-content\" data-secret=\"AysYgYIFBo\"><a href=\"https:\/\/zpravyzmoravy.cz\/triptych-strom-zivota-umelecky-pribeh-krajiny-a-osobnich-symbolu\/\">Triptych Strom \u017eivota: Um\u011bleck\u00fd p\u0159\u00edb\u011bh krajiny a osobn\u00edch symbol\u016f<\/a><\/blockquote><iframe loading=\"lazy\" class=\"wp-embedded-content\" sandbox=\"allow-scripts\" security=\"restricted\" style=\"position: absolute; visibility: hidden;\" title=\"&#8222;Triptych Strom \u017eivota: Um\u011bleck\u00fd p\u0159\u00edb\u011bh krajiny a osobn\u00edch symbol\u016f&#8220; &#8212; Zpr\u00e1vy z Moravy\" src=\"https:\/\/zpravyzmoravy.cz\/triptych-strom-zivota-umelecky-pribeh-krajiny-a-osobnich-symbolu\/embed\/#?secret=E4wlHDLle2#?secret=AysYgYIFBo\" data-secret=\"AysYgYIFBo\" width=\"600\" height=\"338\" frameborder=\"0\" marginwidth=\"0\" marginheight=\"0\" scrolling=\"no\"><\/iframe>\n<\/div><\/figure>\n\n<p><a href=\"https:\/\/brno.rozhlas.cz\/cim-vic-je-nabytek-poskozeny-tim-vic-me-jeho-obnova-bavi-rika-s-usmevem-9340926\">https:\/\/brno.rozhlas.cz\/cim-vic-je-nabytek-poskozeny-tim-vic-me-jeho-obnova-bavi-rika-s-usmevem-9340926<\/a><\/p><\/div><\/div><\/div><\/div><\/div>","protected":false},"excerpt":{"rendered":"<p>Narodila jsem se v Brn\u011b, ve \u010dtvrti, kter\u00e9 se \u0159\u00edk\u00e1 \u201eStar\u00e9 Brno\u201c. Nejsp\u00ed\u0161 proto\u017ee tahle \u010dtvr\u0165 je jednou z nejstar\u0161\u00edch. M\u011bli jsme dvougenera\u010dn\u00ed d\u016fm se zahradou a p\u0159edzahr\u00e1dkou. Kdy\u017e jsem se narodila, byla jsem \u00fapln\u011b malink\u00e1. Do hlubok\u00e9 noci jsem neuti\u0161iteln\u011b \u0159vala a tak jsem od nejbli\u017e\u0161\u00edch dostala p\u0159ezd\u00edvku \u201ezp\u011bva\u010dka\u201c. A moje rodina byla : [&hellip;]<\/p>\n","protected":false},"author":1,"featured_media":0,"parent":0,"menu_order":0,"comment_status":"closed","ping_status":"closed","template":"","meta":{"footnotes":""},"class_list":["post-1084","page","type-page","status-publish","hentry"],"blocksy_meta":[],"_links":{"self":[{"href":"https:\/\/www.maixnerova.cz\/index.php\/wp-json\/wp\/v2\/pages\/1084","targetHints":{"allow":["GET"]}}],"collection":[{"href":"https:\/\/www.maixnerova.cz\/index.php\/wp-json\/wp\/v2\/pages"}],"about":[{"href":"https:\/\/www.maixnerova.cz\/index.php\/wp-json\/wp\/v2\/types\/page"}],"author":[{"embeddable":true,"href":"https:\/\/www.maixnerova.cz\/index.php\/wp-json\/wp\/v2\/users\/1"}],"replies":[{"embeddable":true,"href":"https:\/\/www.maixnerova.cz\/index.php\/wp-json\/wp\/v2\/comments?post=1084"}],"version-history":[{"count":6,"href":"https:\/\/www.maixnerova.cz\/index.php\/wp-json\/wp\/v2\/pages\/1084\/revisions"}],"predecessor-version":[{"id":1191,"href":"https:\/\/www.maixnerova.cz\/index.php\/wp-json\/wp\/v2\/pages\/1084\/revisions\/1191"}],"wp:attachment":[{"href":"https:\/\/www.maixnerova.cz\/index.php\/wp-json\/wp\/v2\/media?parent=1084"}],"curies":[{"name":"wp","href":"https:\/\/api.w.org\/{rel}","templated":true}]}}