{"id":619,"date":"2021-10-25T15:51:10","date_gmt":"2021-10-25T15:51:10","guid":{"rendered":"https:\/\/wordpress-566072-2146620.cloudwaysapps.com\/?page_id=619"},"modified":"2025-04-24T11:32:23","modified_gmt":"2025-04-24T11:32:23","slug":"contact","status":"publish","type":"page","link":"https:\/\/www.maixnerova.cz\/index.php\/contact\/","title":{"rendered":"Kontakty"},"content":{"rendered":"<div class=\"wp-block-stackable-columns alignfull stk-block-columns stk-block stk-bfdcc56 stk-block-background\" data-block-id=\"bfdcc56\"><style>.stk-bfdcc56 {background-color:#000000 !important;padding-top:270px !important;padding-bottom:150px !important;margin-bottom:0px !important;}.stk-bfdcc56:before{background-color:#000000 !important;}@media screen and (max-width:999px){.stk-bfdcc56 {padding-top:200px !important;padding-bottom:140px !important;}}@media screen and (max-width:689px){.stk-bfdcc56 {padding-top:170px !important;padding-bottom:100px !important;}}<\/style><div class=\"stk-row stk-inner-blocks has-text-align-center-mobile stk-block-content stk-content-align stk-bfdcc56-column\"><div class=\"wp-block-stackable-column stk-block-column stk-column stk-block stk-69e1cc9\" data-v=\"4\" data-block-id=\"69e1cc9\"><style>.stk-69e1cc9-container{margin-top:0px !important;margin-right:0px !important;margin-bottom:0px !important;margin-left:0px !important;}@media screen and (min-width:690px) and (max-width:999px){.stk-69e1cc9 {flex:var(--stk-flex-grow, 1) 1 75% !important;}}<\/style><div class=\"stk-column-wrapper stk-block-column__content stk-container stk-69e1cc9-container stk--no-background stk--no-padding\"><div class=\"stk-block-content stk-inner-blocks stk-69e1cc9-inner-blocks\"><div class=\"wp-block-stackable-heading stk-block-heading stk-block-heading--v2 stk-block stk-10c3cf1\" id=\"rada-se-s-vami-potkam\" data-block-id=\"10c3cf1\"><style>.stk-10c3cf1 {margin-bottom:20px !important;}.stk-10c3cf1 .stk-block-heading__text{font-size:50px !important;color:var(--theme-palette-color-8, #ffffff) !important;line-height:1.4em !important;}@media screen and (max-width:999px){.stk-10c3cf1 .stk-block-heading__text{font-size:40px !important;}}@media screen and (max-width:689px){.stk-10c3cf1 .stk-block-heading__text{font-size:30px !important;}}<\/style><h2 class=\"stk-block-heading__text has-text-color has-palette-color-8-color\">R\u00e1da se s V\u00e1mi potk\u00e1m<\/h2><\/div>\n\n<p><span style=\"color: var(--theme-palette-color-8, #ffffff);\" class=\"stk-highlight\">On line nebo osobn\u011b<\/span><\/p>\n\n<p><span style=\"color: var(--theme-palette-color-8, #ffffff);\" class=\"stk-highlight\">Ateli\u00e9r Maixnerov\u00e1<br>Brno, Cejl 18<\/span><\/p>\n\n<div class=\"wp-block-stackable-text stk-block-text stk-block stk-fb65d44\" data-block-id=\"fb65d44\"><style>.stk-fb65d44 {margin-bottom:35px !important;opacity:0.8 !important;}.stk-fb65d44 .stk-block-text__text{color:var(--theme-palette-color-8, #ffffff) !important;}<\/style><p class=\"stk-block-text__text has-text-color has-palette-color-8-color\">miroslava@maixnerova.cz<br>+420 723 400 456<\/p><\/div>\n\n<p><span style=\"color: var(--theme-palette-color-8, #ffffff);\" class=\"stk-highlight\"><br><strong>Miroslava Maixnerov\u00e1<br><\/strong>I\u010cO: 01132733<br>S\u00eddlo: Cejl 535\/83, 602 00, Brno &#8211; Z\u00e1brdovice<\/span><\/p><\/div><\/div><\/div>\n\n<div class=\"wp-block-stackable-column stk-block-column stk-column stk-block stk-49288dc\" data-v=\"4\" data-block-id=\"49288dc\"><style>.stk-49288dc-container{margin-top:0px !important;margin-right:0px !important;margin-bottom:0px !important;margin-left:0px !important;}<\/style><div class=\"stk-column-wrapper stk-block-column__content stk-container stk-49288dc-container stk--no-background stk--no-padding\"><div class=\"stk-block-content stk-inner-blocks stk-49288dc-inner-blocks\"><figure class=\"wp-block-gallery has-nested-images columns-default is-cropped wp-block-gallery-1 is-layout-flex wp-block-gallery-is-layout-flex\"><figure class=\"wp-block-image size-large\"><img loading=\"lazy\" decoding=\"async\" width=\"683\" height=\"1024\" data-id=\"754\" src=\"https:\/\/www.maixnerova.cz\/wp-content\/uploads\/2024\/09\/Mirka-profil2-683x1024.jpg\" alt=\"\" class=\"wp-image-754\" srcset=\"https:\/\/www.maixnerova.cz\/wp-content\/uploads\/2024\/09\/Mirka-profil2-683x1024.jpg 683w, https:\/\/www.maixnerova.cz\/wp-content\/uploads\/2024\/09\/Mirka-profil2-600x900.jpg 600w, https:\/\/www.maixnerova.cz\/wp-content\/uploads\/2024\/09\/Mirka-profil2-200x300.jpg 200w, https:\/\/www.maixnerova.cz\/wp-content\/uploads\/2024\/09\/Mirka-profil2-768x1152.jpg 768w, https:\/\/www.maixnerova.cz\/wp-content\/uploads\/2024\/09\/Mirka-profil2-1024x1536.jpg 1024w, https:\/\/www.maixnerova.cz\/wp-content\/uploads\/2024\/09\/Mirka-profil2.jpg 1080w\" sizes=\"auto, (max-width: 683px) 100vw, 683px\" \/><\/figure>\n\n<figure class=\"wp-block-image size-large\"><img loading=\"lazy\" decoding=\"async\" width=\"683\" height=\"1024\" data-id=\"800\" src=\"https:\/\/www.maixnerova.cz\/wp-content\/uploads\/2024\/10\/DSC_3090-kopie-683x1024.webp\" alt=\"\" class=\"wp-image-800\" srcset=\"https:\/\/www.maixnerova.cz\/wp-content\/uploads\/2024\/10\/DSC_3090-kopie-683x1024.webp 683w, https:\/\/www.maixnerova.cz\/wp-content\/uploads\/2024\/10\/DSC_3090-kopie-600x900.webp 600w, https:\/\/www.maixnerova.cz\/wp-content\/uploads\/2024\/10\/DSC_3090-kopie-200x300.webp 200w, https:\/\/www.maixnerova.cz\/wp-content\/uploads\/2024\/10\/DSC_3090-kopie-768x1152.webp 768w, https:\/\/www.maixnerova.cz\/wp-content\/uploads\/2024\/10\/DSC_3090-kopie-1024x1536.webp 1024w, https:\/\/www.maixnerova.cz\/wp-content\/uploads\/2024\/10\/DSC_3090-kopie.webp 1080w\" sizes=\"auto, (max-width: 683px) 100vw, 683px\" \/><\/figure><\/figure><\/div><\/div><\/div><\/div><\/div>","protected":false},"excerpt":{"rendered":"<p>R\u00e1da se s V\u00e1mi potk\u00e1m On line nebo osobn\u011b Ateli\u00e9r Maixnerov\u00e1Brno, Cejl 18 miroslava@maixnerova.cz+420 723 400 456 Miroslava Maixnerov\u00e1I\u010cO: 01132733S\u00eddlo: Cejl 535\/83, 602 00, Brno &#8211; Z\u00e1brdovice<\/p>\n","protected":false},"author":1,"featured_media":0,"parent":0,"menu_order":0,"comment_status":"closed","ping_status":"closed","template":"","meta":{"footnotes":""},"class_list":["post-619","page","type-page","status-publish","hentry"],"blocksy_meta":{"page_title_panel":"","has_hero_section":"disabled","8a95b2fa5abaddfe4bf67eb80837f476":"","hero_section":"type-1","hero_elements":[{"id":"custom_title","enabled":true,"heading_tag":"h1","title":"Home"},{"id":"custom_description","enabled":true,"description_visibility":{"desktop":true,"tablet":true,"mobile":false}},{"id":"custom_meta","enabled":false,"meta_elements":[{"id":"author","enabled":true,"label":"By","has_author_avatar":"yes","avatar_size":25},{"id":"post_date","enabled":true,"label":"On","date_format_source":"default","date_format":"M j, Y"},{"id":"updated_date","enabled":false,"label":"On","date_format_source":"default","date_format":"M j, Y"},{"id":"categories","enabled":false,"label":"In","style":"simple"},{"id":"comments","enabled":true}],"page_meta_elements":{"joined":true,"articles_count":true,"comments":true}},{"id":"breadcrumbs","enabled":false}],"b7dc59f313e0371a9ec59500f3114542":"","hero_alignment1":"CT_CSS_SKIP_RULE","hero_margin":40,"hero_alignment2":"center","hero_vertical_alignment":"center","945035912dedf1afc37752f48abc8a0d":"","hero_structure":"narrow","43cd6c0d90337fa0037c75d293fc8d10":"","page_title_bg_type":"featured_image","custom_hero_background":{"attachment_id":null},"parallax":{"desktop":false,"tablet":false,"mobile":false},"00c1a4dbd48ef81f4166a8911a96abf0":"","hero_height":"250px","pageTitleFont":{"family":"Default","variation":"Default","size":"30px","line-height":"CT_CSS_SKIP_RULE","letter-spacing":"CT_CSS_SKIP_RULE","text-transform":"CT_CSS_SKIP_RULE","text-decoration":"CT_CSS_SKIP_RULE"},"pageTitleFontColor":{"default":{"color":"CT_CSS_SKIP_RULEDEFAULT"}},"pageMetaFont":{"family":"Default","variation":"n6","size":"12px","line-height":"1.3","letter-spacing":"CT_CSS_SKIP_RULE","text-transform":"uppercase","text-decoration":"CT_CSS_SKIP_RULE"},"pageMetaFontColor":{"default":{"color":"CT_CSS_SKIP_RULEDEFAULT"},"hover":{"color":"CT_CSS_SKIP_RULEDEFAULT"}},"page_meta_button_type_font_colors":{"default":{"color":"CT_CSS_SKIP_RULEDEFAULT"},"hover":{"color":"CT_CSS_SKIP_RULEDEFAULT"}},"page_meta_button_type_background_colors":{"default":{"color":"CT_CSS_SKIP_RULEDEFAULT"},"hover":{"color":"CT_CSS_SKIP_RULEDEFAULT"}},"pageExcerptFont":{"family":"Default","variation":"Default","size":"CT_CSS_SKIP_RULE","line-height":"CT_CSS_SKIP_RULE","letter-spacing":"CT_CSS_SKIP_RULE","text-transform":"CT_CSS_SKIP_RULE","text-decoration":"CT_CSS_SKIP_RULE"},"pageExcerptColor":{"default":{"color":"CT_CSS_SKIP_RULEDEFAULT"}},"breadcrumbsFont":{"family":"Default","variation":"Default","size":"CT_CSS_SKIP_RULE","line-height":"CT_CSS_SKIP_RULE","letter-spacing":"CT_CSS_SKIP_RULE","text-transform":"CT_CSS_SKIP_RULE","text-decoration":"CT_CSS_SKIP_RULE"},"breadcrumbsFontColor":{"default":{"color":"CT_CSS_SKIP_RULEDEFAULT"},"initial":{"color":"CT_CSS_SKIP_RULEDEFAULT"},"hover":{"color":"CT_CSS_SKIP_RULEDEFAULT"}},"pageTitleOverlay":{"background_type":"color","background_pattern":"type-1","background_image":{"attachment_id":null,"x":0,"y":0},"gradient":"linear-gradient(135deg,rgba(6,147,227,1) 0%,rgb(155,81,224) 100%)","background_repeat":"repeat","background_size":"auto","background_attachment":"scroll","patternColor":{"default":{"color":"#e5e7ea"}},"overlayColor":{"default":{"color":"CT_CSS_SKIP_RULE"}},"backgroundColor":{"default":{"color":"CT_CSS_SKIP_RULE"}}},"pageTitleBackground":{"background_type":"color","background_pattern":"type-1","background_image":{"attachment_id":null,"x":0,"y":0},"gradient":"linear-gradient(135deg,rgba(6,147,227,1) 0%,rgb(155,81,224) 100%)","background_repeat":"repeat","background_size":"auto","background_attachment":"scroll","patternColor":{"default":{"color":"#e5e7ea"}},"overlayColor":{"default":{"color":"CT_CSS_SKIP_RULE"}},"backgroundColor":{"default":{"color":"var(--theme-palette-color-6)"}}},"pageTitlePadding":{"top":"50px","bottom":"50px","left":"auto","right":"auto","linked":true},"a294ec8a74969a7dd51cf94e04881e73":"","page_structure_type":"default","2f1ccf23988711d8c89a5363db2090a4":"","content_style_source":"inherit","content_style":"wide","vertical_spacing_source":"custom","content_area_spacing":"none","background":{"background_type":"color","background_pattern":"type-1","background_image":{"attachment_id":null,"x":0,"y":0},"gradient":"linear-gradient(135deg,rgba(6,147,227,1) 0%,rgb(155,81,224) 100%)","background_repeat":"repeat","background_size":"auto","background_attachment":"scroll","patternColor":{"default":{"color":"#e5e7ea"}},"overlayColor":{"default":{"color":"CT_CSS_SKIP_RULE"}},"backgroundColor":{"default":{"color":"CT_CSS_SKIP_RULE"}}},"content_background":{"background_type":"color","background_pattern":"type-1","background_image":{"attachment_id":null,"x":0,"y":0},"gradient":"linear-gradient(135deg,rgba(6,147,227,1) 0%,rgb(155,81,224) 100%)","background_repeat":"repeat","background_size":"auto","background_attachment":"scroll","patternColor":{"default":{"color":"#e5e7ea"}},"overlayColor":{"default":{"color":"CT_CSS_SKIP_RULE"}},"backgroundColor":{"default":{"color":"var(--theme-palette-color-8)"}}},"content_boxed_shadow":{"inherit":false,"blur":18,"spread":-6,"v_offset":12,"h_offset":0,"inset":false,"enable":true,"color":{"color":"rgba(34, 56, 101, 0.04)"}},"boxed_content_spacing":{"desktop":{"top":"40px","bottom":"40px","left":"40px","right":"40px","linked":true},"tablet":{"top":"35px","bottom":"35px","left":"35px","right":"35px","linked":true},"mobile":{"top":"20px","bottom":"20px","left":"20px","right":"20px","linked":true}},"content_boxed_radius":{"top":"3px","bottom":"3px","left":"3px","right":"3px","linked":true},"89a455029062c524da90d2350d6fd2e3":"","disable_featured_image":"no","disable_header":"no","disable_footer":"no","styles_descriptor":{"styles":{"desktop":"","tablet":"","mobile":""},"google_fonts":[],"version":6}},"_links":{"self":[{"href":"https:\/\/www.maixnerova.cz\/index.php\/wp-json\/wp\/v2\/pages\/619","targetHints":{"allow":["GET"]}}],"collection":[{"href":"https:\/\/www.maixnerova.cz\/index.php\/wp-json\/wp\/v2\/pages"}],"about":[{"href":"https:\/\/www.maixnerova.cz\/index.php\/wp-json\/wp\/v2\/types\/page"}],"author":[{"embeddable":true,"href":"https:\/\/www.maixnerova.cz\/index.php\/wp-json\/wp\/v2\/users\/1"}],"replies":[{"embeddable":true,"href":"https:\/\/www.maixnerova.cz\/index.php\/wp-json\/wp\/v2\/comments?post=619"}],"version-history":[{"count":16,"href":"https:\/\/www.maixnerova.cz\/index.php\/wp-json\/wp\/v2\/pages\/619\/revisions"}],"predecessor-version":[{"id":1189,"href":"https:\/\/www.maixnerova.cz\/index.php\/wp-json\/wp\/v2\/pages\/619\/revisions\/1189"}],"wp:attachment":[{"href":"https:\/\/www.maixnerova.cz\/index.php\/wp-json\/wp\/v2\/media?parent=619"}],"curies":[{"name":"wp","href":"https:\/\/api.w.org\/{rel}","templated":true}]}}